{"id":24311,"date":"2025-12-14T08:25:06","date_gmt":"2025-12-14T08:25:06","guid":{"rendered":"https:\/\/martpay.net\/disclaimer\/"},"modified":"2025-12-15T06:25:42","modified_gmt":"2025-12-15T06:25:42","slug":"disclaimer","status":"publish","type":"page","link":"https:\/\/martpay.net\/es\/disclaimer\/","title":{"rendered":"Aviso Legal"},"content":{"rendered":"\t\t<div data-elementor-type=\"wp-page\" data-elementor-id=\"24311\" class=\"elementor elementor-24311\" data-elementor-post-type=\"page\">\n\t\t\t\t<div class=\"elementor-element elementor-element-68462b4f e-flex e-con-boxed e-con e-parent\" data-id=\"68462b4f\" data-element_type=\"container\">\n\t\t\t\t\t<div class=\"e-con-inner\">\n\t\t\t\t<div class=\"elementor-element-custom_font_family elementor-element-custom_color elementor-element elementor-element-293ce28f elementor-widget elementor-widget-text-editor\" data-id=\"293ce28f\" data-element_type=\"widget\" data-widget_type=\"text-editor.default\">\n\t\t\t\t<div class=\"elementor-widget-container\">\n\t\t\t\t\t\t\t\t\t\n<p><span style=\"font-weight: 400;\">MartPay no ofrece asesor\u00eda legal, financiera ni de inversi\u00f3n.<\/span><\/p>\n<p><span style=\"font-weight: 400;\">La informaci\u00f3n publicada es \u00fanicamente informativa.<\/span><\/p>\n<p>\u00a0<\/p>\n<p><span style=\"font-weight: 400;\">El uso del servicio es bajo responsabilidad del usuario.<\/span><\/p>\n<p><span style=\"font-weight: 400;\">MartPay no se hace responsable por posibles da\u00f1os.<\/span><\/p>\n\t\t\t\t\t\t\t\t<\/div>\n\t\t\t\t<\/div>\n\t\t\t\t\t<\/div>\n\t\t\t\t<\/div>\n\t\t\t\t<\/div>\n\t\t","protected":false},"excerpt":{"rendered":"<p>MartPay no ofrece asesor\u00eda legal, financiera ni de inversi\u00f3n. La informaci\u00f3n publicada es \u00fanicamente informativa. \u00a0 El uso del servicio es bajo responsabilidad del usuario. MartPay no se hace responsable por posibles da\u00f1os.<\/p>\n","protected":false},"author":1,"featured_media":0,"parent":0,"menu_order":0,"comment_status":"closed","ping_status":"closed","template":"","meta":{"footnotes":""},"class_list":["post-24311","page","type-page","status-publish","hentry"],"_links":{"self":[{"href":"https:\/\/martpay.net\/es\/wp-json\/wp\/v2\/pages\/24311","targetHints":{"allow":["GET"]}}],"collection":[{"href":"https:\/\/martpay.net\/es\/wp-json\/wp\/v2\/pages"}],"about":[{"href":"https:\/\/martpay.net\/es\/wp-json\/wp\/v2\/types\/page"}],"author":[{"embeddable":true,"href":"https:\/\/martpay.net\/es\/wp-json\/wp\/v2\/users\/1"}],"replies":[{"embeddable":true,"href":"https:\/\/martpay.net\/es\/wp-json\/wp\/v2\/comments?post=24311"}],"version-history":[{"count":3,"href":"https:\/\/martpay.net\/es\/wp-json\/wp\/v2\/pages\/24311\/revisions"}],"predecessor-version":[{"id":24321,"href":"https:\/\/martpay.net\/es\/wp-json\/wp\/v2\/pages\/24311\/revisions\/24321"}],"wp:attachment":[{"href":"https:\/\/martpay.net\/es\/wp-json\/wp\/v2\/media?parent=24311"}],"curies":[{"name":"wp","href":"https:\/\/api.w.org\/{rel}","templated":true}]}}