{"id":24353,"date":"2025-12-14T08:23:34","date_gmt":"2025-12-14T08:23:34","guid":{"rendered":"https:\/\/martpay.net\/terms-conditions\/"},"modified":"2025-12-15T06:55:49","modified_gmt":"2025-12-15T06:55:49","slug":"terms-conditions","status":"publish","type":"page","link":"https:\/\/martpay.net\/es\/terms-conditions\/","title":{"rendered":"T\u00e9rminos y Condiciones"},"content":{"rendered":"\t\t<div data-elementor-type=\"wp-page\" data-elementor-id=\"24353\" class=\"elementor elementor-24353\" data-elementor-post-type=\"page\">\n\t\t\t\t<div class=\"elementor-element elementor-element-597edc7f e-flex e-con-boxed e-con e-parent\" data-id=\"597edc7f\" data-element_type=\"container\">\n\t\t\t\t\t<div class=\"e-con-inner\">\n\t\t\t\t<div class=\"elementor-element-custom_font_family elementor-element-custom_color elementor-element elementor-element-20ee6014 elementor-widget elementor-widget-text-editor\" data-id=\"20ee6014\" data-element_type=\"widget\" data-widget_type=\"text-editor.default\">\n\t\t\t\t<div class=\"elementor-widget-container\">\n\t\t\t\t\t\t\t\t\t\n<p><span style=\"font-weight: 400;\">MartPay ofrece infraestructura t\u00e9cnica y de marketing para negocios en l\u00ednea.<\/span><\/p>\n<ol>\n<li><span style=\"font-weight: 400;\"> MartPay no es un banco ni una entidad financiera.<\/span><\/li>\n<li><span style=\"font-weight: 400;\"> MartPay solo presta servicios t\u00e9cnicos y de marketing.<\/span><\/li>\n<li><span style=\"font-weight: 400;\"> El cliente es responsable del cumplimiento legal.<\/span><\/li>\n<li><span style=\"font-weight: 400;\"> MartPay no es responsable por p\u00e9rdidas financieras.<\/span><\/li>\n<li><span style=\"font-weight: 400;\"> Los servicios se prestan sin garant\u00eda de resultados.<\/span><\/li>\n<li><span style=\"font-weight: 400;\"> MartPay puede suspender la cooperaci\u00f3n ante actividades sospechosas.<\/span><\/li>\n<\/ol>\n\t\t\t\t\t\t\t\t<\/div>\n\t\t\t\t<\/div>\n\t\t\t\t\t<\/div>\n\t\t\t\t<\/div>\n\t\t\t\t<\/div>\n\t\t","protected":false},"excerpt":{"rendered":"<p>MartPay ofrece infraestructura t\u00e9cnica y de marketing para negocios en l\u00ednea. MartPay no es un banco ni una entidad financiera. MartPay solo presta servicios t\u00e9cnicos y de marketing. El cliente es responsable del cumplimiento legal. MartPay no es responsable por p\u00e9rdidas financieras. Los servicios se prestan sin garant\u00eda de resultados. MartPay puede suspender la cooperaci\u00f3n [&hellip;]<\/p>\n","protected":false},"author":1,"featured_media":0,"parent":0,"menu_order":0,"comment_status":"closed","ping_status":"closed","template":"","meta":{"footnotes":""},"class_list":["post-24353","page","type-page","status-publish","hentry"],"_links":{"self":[{"href":"https:\/\/martpay.net\/es\/wp-json\/wp\/v2\/pages\/24353","targetHints":{"allow":["GET"]}}],"collection":[{"href":"https:\/\/martpay.net\/es\/wp-json\/wp\/v2\/pages"}],"about":[{"href":"https:\/\/martpay.net\/es\/wp-json\/wp\/v2\/types\/page"}],"author":[{"embeddable":true,"href":"https:\/\/martpay.net\/es\/wp-json\/wp\/v2\/users\/1"}],"replies":[{"embeddable":true,"href":"https:\/\/martpay.net\/es\/wp-json\/wp\/v2\/comments?post=24353"}],"version-history":[{"count":3,"href":"https:\/\/martpay.net\/es\/wp-json\/wp\/v2\/pages\/24353\/revisions"}],"predecessor-version":[{"id":24366,"href":"https:\/\/martpay.net\/es\/wp-json\/wp\/v2\/pages\/24353\/revisions\/24366"}],"wp:attachment":[{"href":"https:\/\/martpay.net\/es\/wp-json\/wp\/v2\/media?parent=24353"}],"curies":[{"name":"wp","href":"https:\/\/api.w.org\/{rel}","templated":true}]}}